{"id":4568,"date":"2020-12-16T14:52:23","date_gmt":"2020-12-16T13:52:23","guid":{"rendered":"http:\/\/telme.juliet.utvecklingswebb.se\/?page_id=4568"},"modified":"2024-12-16T20:11:07","modified_gmt":"2024-12-16T19:11:07","slug":"logga-in","status":"publish","type":"page","link":"https:\/\/telme.se\/go\/logga-in\/","title":{"rendered":"Logga in"},"content":{"rendered":"\t\t<div data-elementor-type=\"wp-page\" data-elementor-id=\"4568\" class=\"elementor elementor-4568\">\n\t\t\t\t\t\t<div class=\"elementor-inner\">\n\t\t\t\t<div class=\"elementor-section-wrap\">\n\t\t\t\t\t\t\t\t\t<section class=\"elementor-section elementor-top-section elementor-element elementor-element-3a75234 elementor-section-height-min-height elementor-section-boxed elementor-section-height-default elementor-section-items-middle\" data-id=\"3a75234\" data-element_type=\"section\" data-settings=\"{&quot;background_background&quot;:&quot;gradient&quot;}\">\n\t\t\t\t\t\t\t<div class=\"elementor-background-overlay\"><\/div>\n\t\t\t\t\t\t\t<div class=\"elementor-container elementor-column-gap-default\">\n\t\t\t\t\t\t\t<div class=\"elementor-row\">\n\t\t\t\t\t<div class=\"elementor-column elementor-col-66 elementor-top-column elementor-element elementor-element-ab3241e\" data-id=\"ab3241e\" data-element_type=\"column\">\n\t\t\t<div class=\"elementor-column-wrap elementor-element-populated\">\n\t\t\t\t\t\t\t<div class=\"elementor-widget-wrap\">\n\t\t\t\t\t\t<div class=\"elementor-element elementor-element-92cc15a elementor-widget elementor-widget-heading\" data-id=\"92cc15a\" data-element_type=\"widget\" data-widget_type=\"heading.default\">\n\t\t\t\t<div class=\"elementor-widget-container\">\n\t\t\t<style>\/*! elementor - v3.9.2 - 21-12-2022 *\/\n.elementor-heading-title{padding:0;margin:0;line-height:1}.elementor-widget-heading .elementor-heading-title[class*=elementor-size-]>a{color:inherit;font-size:inherit;line-height:inherit}.elementor-widget-heading .elementor-heading-title.elementor-size-small{font-size:15px}.elementor-widget-heading .elementor-heading-title.elementor-size-medium{font-size:19px}.elementor-widget-heading .elementor-heading-title.elementor-size-large{font-size:29px}.elementor-widget-heading .elementor-heading-title.elementor-size-xl{font-size:39px}.elementor-widget-heading .elementor-heading-title.elementor-size-xxl{font-size:59px}<\/style><h1 class=\"elementor-heading-title elementor-size-default\">Logga in p\u00e5 TelMe\n<\/h1>\t\t<\/div>\n\t\t\t\t<\/div>\n\t\t\t\t<div class=\"elementor-element elementor-element-5deb3c5 elementor-widget elementor-widget-text-editor\" data-id=\"5deb3c5\" data-element_type=\"widget\" data-widget_type=\"text-editor.default\">\n\t\t\t\t<div class=\"elementor-widget-container\">\n\t\t\t<style>\/*! elementor - v3.9.2 - 21-12-2022 *\/\n.elementor-widget-text-editor.elementor-drop-cap-view-stacked .elementor-drop-cap{background-color:#818a91;color:#fff}.elementor-widget-text-editor.elementor-drop-cap-view-framed .elementor-drop-cap{color:#818a91;border:3px solid;background-color:transparent}.elementor-widget-text-editor:not(.elementor-drop-cap-view-default) .elementor-drop-cap{margin-top:8px}.elementor-widget-text-editor:not(.elementor-drop-cap-view-default) .elementor-drop-cap-letter{width:1em;height:1em}.elementor-widget-text-editor .elementor-drop-cap{float:left;text-align:center;line-height:1;font-size:50px}.elementor-widget-text-editor .elementor-drop-cap-letter{display:inline-block}<\/style>\t\t\t\t\t<div class=\"elementor-text-editor elementor-clearfix\">\n\t\t\t\t<p>H\u00e4r loggar du in i de olika Telme-applikationerna.<\/p>\t\t\t\t\t<\/div>\n\t\t\t\t\t\t<\/div>\n\t\t\t\t<\/div>\n\t\t\t\t<div class=\"elementor-element elementor-element-0f9edb4 elementor-widget elementor-widget-text-editor\" data-id=\"0f9edb4\" data-element_type=\"widget\" data-widget_type=\"text-editor.default\">\n\t\t\t\t<div class=\"elementor-widget-container\">\n\t\t\t\t\t\t\t\t<div class=\"elementor-text-editor elementor-clearfix\">\n\t\t\t\t<p><strong>OBS!<\/strong> Om du beh\u00f6ver hj\u00e4lp med din inloggning eller hur man anv\u00e4nder Telme, ska du v\u00e4nda dig till kontaktpersonen hos din arbetsgivare.<\/p>\t\t\t\t\t<\/div>\n\t\t\t\t\t\t<\/div>\n\t\t\t\t<\/div>\n\t\t\t\t\t\t<\/div>\n\t\t\t\t\t<\/div>\n\t\t<\/div>\n\t\t\t\t<div class=\"elementor-column elementor-col-33 elementor-top-column elementor-element elementor-element-c6fdfda\" data-id=\"c6fdfda\" data-element_type=\"column\">\n\t\t\t<div class=\"elementor-column-wrap\">\n\t\t\t\t\t\t\t<div class=\"elementor-widget-wrap\">\n\t\t\t\t\t\t\t\t<\/div>\n\t\t\t\t\t<\/div>\n\t\t<\/div>\n\t\t\t\t\t\t\t\t<\/div>\n\t\t\t\t\t<\/div>\n\t\t<\/section>\n\t\t\t\t<section class=\"elementor-section elementor-top-section elementor-element elementor-element-bed3a60 elementor-section-full_width elementor-section-height-default elementor-section-height-default\" data-id=\"bed3a60\" data-element_type=\"section\">\n\t\t\t\t\t\t<div class=\"elementor-container elementor-column-gap-default\">\n\t\t\t\t\t\t\t<div class=\"elementor-row\">\n\t\t\t\t\t<div class=\"elementor-column elementor-col-50 elementor-top-column elementor-element elementor-element-4f97a34\" data-id=\"4f97a34\" data-element_type=\"column\" data-settings=\"{&quot;background_background&quot;:&quot;gradient&quot;}\">\n\t\t\t<div class=\"elementor-column-wrap elementor-element-populated\">\n\t\t\t\t\t\t\t<div class=\"elementor-widget-wrap\">\n\t\t\t\t\t\t<div class=\"elementor-element elementor-element-9bb365c elementor-view-default elementor-widget elementor-widget-icon\" data-id=\"9bb365c\" data-element_type=\"widget\" data-widget_type=\"icon.default\">\n\t\t\t\t<div class=\"elementor-widget-container\">\n\t\t\t\t\t<div class=\"elementor-icon-wrapper\">\n\t\t\t<div class=\"elementor-icon\">\n\t\t\t<i aria-hidden=\"true\" class=\"fad fa-truck-container\"><\/i>\t\t\t<\/div>\n\t\t<\/div>\n\t\t\t\t<\/div>\n\t\t\t\t<\/div>\n\t\t\t\t<div class=\"elementor-element elementor-element-eb32ba3 elementor-widget elementor-widget-heading\" data-id=\"eb32ba3\" data-element_type=\"widget\" data-widget_type=\"heading.default\">\n\t\t\t\t<div class=\"elementor-widget-container\">\n\t\t\t<h2 class=\"elementor-heading-title elementor-size-default\">Logistik<\/h2>\t\t<\/div>\n\t\t\t\t<\/div>\n\t\t\t\t<section class=\"elementor-section elementor-inner-section elementor-element elementor-element-42ca8dc elementor-section-boxed elementor-section-height-default elementor-section-height-default\" data-id=\"42ca8dc\" data-element_type=\"section\">\n\t\t\t\t\t\t<div class=\"elementor-container elementor-column-gap-default\">\n\t\t\t\t\t\t\t<div class=\"elementor-row\">\n\t\t\t\t\t<div class=\"elementor-column elementor-col-50 elementor-inner-column elementor-element elementor-element-e16df69 animated-fast elementor-invisible\" data-id=\"e16df69\" data-element_type=\"column\" data-settings=\"{&quot;background_background&quot;:&quot;gradient&quot;,&quot;animation&quot;:&quot;bounceInUp&quot;,&quot;animation_delay&quot;:100}\">\n\t\t\t<div class=\"elementor-column-wrap elementor-element-populated\">\n\t\t\t\t\t\t\t<div class=\"elementor-widget-wrap\">\n\t\t\t\t\t\t<div class=\"elementor-element elementor-element-fc51eab elementor-view-default elementor-widget elementor-widget-icon\" data-id=\"fc51eab\" data-element_type=\"widget\" data-widget_type=\"icon.default\">\n\t\t\t\t<div class=\"elementor-widget-container\">\n\t\t\t\t\t<div class=\"elementor-icon-wrapper\">\n\t\t\t<div class=\"elementor-icon\">\n\t\t\t<i aria-hidden=\"true\" class=\"fad fa-truck-container\"><\/i>\t\t\t<\/div>\n\t\t<\/div>\n\t\t\t\t<\/div>\n\t\t\t\t<\/div>\n\t\t\t\t<div class=\"elementor-element elementor-element-cc7b59a elementor-widget elementor-widget-heading\" data-id=\"cc7b59a\" data-element_type=\"widget\" data-widget_type=\"heading.default\">\n\t\t\t\t<div class=\"elementor-widget-container\">\n\t\t\t<h3 class=\"elementor-heading-title elementor-size-default\">Logistik<\/h3>\t\t<\/div>\n\t\t\t\t<\/div>\n\t\t\t\t<div class=\"elementor-element elementor-element-c0dcc5e elementor-widget elementor-widget-heading\" data-id=\"c0dcc5e\" data-element_type=\"widget\" data-widget_type=\"heading.default\">\n\t\t\t\t<div class=\"elementor-widget-container\">\n\t\t\t<h3 class=\"elementor-heading-title elementor-size-default\">Administrat\u00f6r<\/h3>\t\t<\/div>\n\t\t\t\t<\/div>\n\t\t\t\t<div class=\"elementor-element elementor-element-aa30ef4 elementor-widget elementor-widget-html\" data-id=\"aa30ef4\" data-element_type=\"widget\" data-widget_type=\"html.default\">\n\t\t\t\t<div class=\"elementor-widget-container\">\n\t\t\t<form  class=\"telme-login-box\" action=\"https:\/\/admin.telme.se\/Drive\/telme_login_v2.eb\" target=\"_top\" method=\"POST\">\r\n    \r\n        <div class=\"telme-login\">\r\n        \r\n          <span>Anv\u00e4ndare<\/span>\r\n          \r\n          <input placeholder=\"Ditt anv\u00e4ndarnamn\" type=\"text\" name=\"user_name\" id=\"user_name\" value=\"\" maxlength=\"37\" size=\"20\" class=\"falttext\">\r\n        \r\n          <span>L\u00f6senord<\/span>\r\n        \r\n          <input placeholder=\"Ditt l\u00f6senord\" type=\"password\" name=\"pass_word\" value=\"\" maxlength=\"32\" size=\"20\" class=\"falttext\">\r\n        <\/div>\r\n        \r\n        <div class=\"more-login\">\r\n        <select name=\"setlanguage\" id=\"language\">\r\n            \r\n            <option value=\"1\" >Svenska<\/option>\r\n            <option value=\"2\" >English<\/option>\r\n            \r\n        <\/select>\r\n\t<button  class=\"knapptext elementor-button\" type=\"submit\">\r\n \r\n\t  <span class=\"elementor-button-icon elementor-align-icon-left\">\r\n\t\t\t\t<i aria-hidden=\"true\" class=\"fad fa-sign-in\"><\/i><\/span>Logga in\r\n         <\/button>\r\n         <\/div>\r\n<\/form>\r\n\t\t<\/div>\n\t\t\t\t<\/div>\n\t\t\t\t\t\t<\/div>\n\t\t\t\t\t<\/div>\n\t\t<\/div>\n\t\t\t\t<div class=\"elementor-column elementor-col-50 elementor-inner-column elementor-element elementor-element-b599a5b animated-fast elementor-invisible\" data-id=\"b599a5b\" data-element_type=\"column\" data-settings=\"{&quot;background_background&quot;:&quot;gradient&quot;,&quot;animation&quot;:&quot;bounceInUp&quot;,&quot;animation_delay&quot;:200}\">\n\t\t\t<div class=\"elementor-column-wrap elementor-element-populated\">\n\t\t\t\t\t\t\t<div class=\"elementor-widget-wrap\">\n\t\t\t\t\t\t<div class=\"elementor-element elementor-element-10e73c1 elementor-view-default elementor-widget elementor-widget-icon\" data-id=\"10e73c1\" data-element_type=\"widget\" data-widget_type=\"icon.default\">\n\t\t\t\t<div class=\"elementor-widget-container\">\n\t\t\t\t\t<div class=\"elementor-icon-wrapper\">\n\t\t\t<div class=\"elementor-icon\">\n\t\t\t<i aria-hidden=\"true\" class=\"fad fa-sms\"><\/i>\t\t\t<\/div>\n\t\t<\/div>\n\t\t\t\t<\/div>\n\t\t\t\t<\/div>\n\t\t\t\t<div class=\"elementor-element elementor-element-2161e90 elementor-widget elementor-widget-heading\" data-id=\"2161e90\" data-element_type=\"widget\" data-widget_type=\"heading.default\">\n\t\t\t\t<div class=\"elementor-widget-container\">\n\t\t\t<h3 class=\"elementor-heading-title elementor-size-default\">Logistik<\/h3>\t\t<\/div>\n\t\t\t\t<\/div>\n\t\t\t\t<div class=\"elementor-element elementor-element-7f8b5c9 elementor-widget elementor-widget-heading\" data-id=\"7f8b5c9\" data-element_type=\"widget\" data-widget_type=\"heading.default\">\n\t\t\t\t<div class=\"elementor-widget-container\">\n\t\t\t<h3 class=\"elementor-heading-title elementor-size-default\">Anst\u00e4llda<\/h3>\t\t<\/div>\n\t\t\t\t<\/div>\n\t\t\t\t<div class=\"elementor-element elementor-element-907efd9 elementor-widget elementor-widget-html\" data-id=\"907efd9\" data-element_type=\"widget\" data-widget_type=\"html.default\">\n\t\t\t\t<div class=\"elementor-widget-container\">\n\t\t\t<form class=\"telme-login-box\" action=\"\/Drive\/login_minasidor.eb\" method=\"post\"><input type=\"hidden\" name=\"action\" value=\"login\">\r\n    <div class=\"telme-login\">\r\n    \r\n    <span>Mobilnummer<\/span>\r\n\r\n    <input placeholder=\"Ange ditt mobilnummer\"type=\"text\" name=\"mobilnr\" id=\"mobilnr\" value=\"\" maxlength=\"100\" size=\"10\">\r\n    \r\n    <span>SMS-kod: <font size=\"-1\">(blank s\u00e5 f\u00e5r du en ny)<\/font><\/span>\r\n    \r\n    <input placeholder=\"Ange mottagen SMS-kod\"type=\"password\" name=\"pass_word\" id=\"pass_word\" value=\"\" maxlength=\"100\" size=\"10\">\r\n    \r\n     <div class=\"more-login\">\r\n         \r\n    <button class=\"knapptext elementor-button\" type=\"submit\"><span class=\"elementor-button-icon elementor-align-icon-left\">\r\n\t\t\t\t<i aria-hidden=\"true\" class=\"fad fa-sign-in\"><\/i><\/span>\r\nForts\u00e4tt<\/button>\r\n\r\n    <\/div>\r\n    \r\n    <\/div>\r\n  <\/form>\t\t<\/div>\n\t\t\t\t<\/div>\n\t\t\t\t<div class=\"elementor-element elementor-element-b031c8b elementor-align-center elementor-widget elementor-widget-button\" data-id=\"b031c8b\" data-element_type=\"widget\" data-widget_type=\"button.default\">\n\t\t\t\t<div class=\"elementor-widget-container\">\n\t\t\t\t\t<div class=\"elementor-button-wrapper\">\n\t\t\t<a href=\"http:\/\/fm.telme.se\" class=\"elementor-button-link elementor-button elementor-size-sm\" role=\"button\">\n\t\t\t\t\t\t<span class=\"elementor-button-content-wrapper\">\n\t\t\t\t\t\t\t<span class=\"elementor-button-icon elementor-align-icon-left\">\n\t\t\t\t<i aria-hidden=\"true\" class=\"fad fa-check\"><\/i>\t\t\t<\/span>\n\t\t\t\t\t\t<span class=\"elementor-button-text\">Avrapportera arbetsorder<\/span>\n\t\t<\/span>\n\t\t\t\t\t<\/a>\n\t\t<\/div>\n\t\t\t\t<\/div>\n\t\t\t\t<\/div>\n\t\t\t\t\t\t<\/div>\n\t\t\t\t\t<\/div>\n\t\t<\/div>\n\t\t\t\t\t\t\t\t<\/div>\n\t\t\t\t\t<\/div>\n\t\t<\/section>\n\t\t\t\t\t\t<\/div>\n\t\t\t\t\t<\/div>\n\t\t<\/div>\n\t\t\t\t<div class=\"elementor-column elementor-col-50 elementor-top-column elementor-element elementor-element-991caf7\" data-id=\"991caf7\" data-element_type=\"column\" data-settings=\"{&quot;background_background&quot;:&quot;gradient&quot;}\">\n\t\t\t<div class=\"elementor-column-wrap elementor-element-populated\">\n\t\t\t\t\t\t\t<div class=\"elementor-widget-wrap\">\n\t\t\t\t\t\t<div class=\"elementor-element elementor-element-bcb9ff9 elementor-view-default elementor-widget elementor-widget-icon\" data-id=\"bcb9ff9\" data-element_type=\"widget\" data-widget_type=\"icon.default\">\n\t\t\t\t<div class=\"elementor-widget-container\">\n\t\t\t\t\t<div class=\"elementor-icon-wrapper\">\n\t\t\t<div class=\"elementor-icon\">\n\t\t\t<i aria-hidden=\"true\" class=\"fad fa-users\"><\/i>\t\t\t<\/div>\n\t\t<\/div>\n\t\t\t\t<\/div>\n\t\t\t\t<\/div>\n\t\t\t\t<div class=\"elementor-element elementor-element-c7336dd elementor-widget elementor-widget-heading\" data-id=\"c7336dd\" data-element_type=\"widget\" data-widget_type=\"heading.default\">\n\t\t\t\t<div class=\"elementor-widget-container\">\n\t\t\t<h2 class=\"elementor-heading-title elementor-size-default\">Vikarie<\/h2>\t\t<\/div>\n\t\t\t\t<\/div>\n\t\t\t\t<section class=\"elementor-section elementor-inner-section elementor-element elementor-element-2ea036e elementor-section-boxed elementor-section-height-default elementor-section-height-default\" data-id=\"2ea036e\" data-element_type=\"section\">\n\t\t\t\t\t\t<div class=\"elementor-container elementor-column-gap-default\">\n\t\t\t\t\t\t\t<div class=\"elementor-row\">\n\t\t\t\t\t<div class=\"elementor-column elementor-col-50 elementor-inner-column elementor-element elementor-element-834536b animated-fast elementor-invisible\" data-id=\"834536b\" data-element_type=\"column\" data-settings=\"{&quot;background_background&quot;:&quot;gradient&quot;,&quot;animation&quot;:&quot;bounceInUp&quot;,&quot;animation_delay&quot;:300}\">\n\t\t\t<div class=\"elementor-column-wrap elementor-element-populated\">\n\t\t\t\t\t\t\t<div class=\"elementor-widget-wrap\">\n\t\t\t\t\t\t<div class=\"elementor-element elementor-element-46177a0 elementor-view-default elementor-widget elementor-widget-icon\" data-id=\"46177a0\" data-element_type=\"widget\" data-widget_type=\"icon.default\">\n\t\t\t\t<div class=\"elementor-widget-container\">\n\t\t\t\t\t<div class=\"elementor-icon-wrapper\">\n\t\t\t<div class=\"elementor-icon\">\n\t\t\t<i aria-hidden=\"true\" class=\"fad fa-users\"><\/i>\t\t\t<\/div>\n\t\t<\/div>\n\t\t\t\t<\/div>\n\t\t\t\t<\/div>\n\t\t\t\t<div class=\"elementor-element elementor-element-6753474 elementor-widget elementor-widget-heading\" data-id=\"6753474\" data-element_type=\"widget\" data-widget_type=\"heading.default\">\n\t\t\t\t<div class=\"elementor-widget-container\">\n\t\t\t<h3 class=\"elementor-heading-title elementor-size-default\">Vikarie<\/h3>\t\t<\/div>\n\t\t\t\t<\/div>\n\t\t\t\t<div class=\"elementor-element elementor-element-d136a5a elementor-widget elementor-widget-heading\" data-id=\"d136a5a\" data-element_type=\"widget\" data-widget_type=\"heading.default\">\n\t\t\t\t<div class=\"elementor-widget-container\">\n\t\t\t<h3 class=\"elementor-heading-title elementor-size-default\">Administrat\u00f6r<\/h3>\t\t<\/div>\n\t\t\t\t<\/div>\n\t\t\t\t<div class=\"elementor-element elementor-element-19ec61c elementor-widget elementor-widget-html\" data-id=\"19ec61c\" data-element_type=\"widget\" data-widget_type=\"html.default\">\n\t\t\t\t<div class=\"elementor-widget-container\">\n\t\t\t<form class=\"telme-login-box\" action=\"https:\/\/www.telme.se\/TelMe\/telme_login_v2.eb\" target=\"_top\" method=\"POST\">\r\n        <div class=\"telme-login\">\r\n        \r\n          <span>Inloggningsnamn<\/span>\r\n        \r\n          <input type=\"text\" name=\"user_name\" id=\"user_name\" value=\"\" placeholder=\"Ditt inloggningsnamn\" maxlength=\"37\" size=\"10\" class=\"falttext\">\r\n          <input type=\"hidden\" id=\"compat\" name=\"compat\" value=\"FALSE\">\r\n        \r\n          <span>L\u00f6senord<\/span>\r\n        \r\n          <input type=\"password\" name=\"pass_word\" value=\"\" placeholder=\"Ditt l\u00f6senord\" maxlength=\"32\" size=\"10\" class=\"falttext\">\r\n        <\/div>\r\n        <div class=\"more-login\">\r\n            \r\n        \r\n\t<button  class=\"knapptext elementor-button\" type=\"submit\">\r\n\t<span class=\"elementor-button-icon elementor-align-icon-left\">\r\n\t\t\t\t<i aria-hidden=\"true\" class=\"fad fa-sign-in\"><\/i><\/span>Logga in<\/button>\r\n          <div class=\"remember-me\">\r\n             <input type=\"checkbox\" name=\"remember\" value=\"TRUE\">\r\n            <span>Kom ih\u00e5g mig<\/span>\r\n            <\/div>\r\n        <\/div>\r\n        <div id=\"results\"><\/div>\r\n        \r\n<script type=\"text\/javascript\">\r\n    var val = '';\r\n    if (ieUserAgent.compatibilityMode)\r\n    {\r\n      val = \"<br>Du k&ouml;r Internet Explorer \" + ieUserAgent.version + \" i kompatibilitetsl&auml;get.<br><br>F&ouml;r b&auml;sta upplevelse i TelMe rekommenderar vi att du st&auml;nger av kompatibilitetsl&auml;get. Om du beh&ouml;ver hj&auml;lp med detta, kontakta din IT-avdelning eller support.\";\r\n      $(\"#results\").html(val);\r\n      $(\"#compat\").val(\"TRUE\");\r\n    }\r\n<\/script>\r\n<\/form>\t\t<\/div>\n\t\t\t\t<\/div>\n\t\t\t\t\t\t<\/div>\n\t\t\t\t\t<\/div>\n\t\t<\/div>\n\t\t\t\t<div class=\"elementor-column elementor-col-50 elementor-inner-column elementor-element elementor-element-7faa532 animated-fast elementor-invisible\" data-id=\"7faa532\" data-element_type=\"column\" data-settings=\"{&quot;background_background&quot;:&quot;gradient&quot;,&quot;animation&quot;:&quot;bounceInUp&quot;,&quot;animation_delay&quot;:400}\">\n\t\t\t<div class=\"elementor-column-wrap elementor-element-populated\">\n\t\t\t\t\t\t\t<div class=\"elementor-widget-wrap\">\n\t\t\t\t\t\t<div class=\"elementor-element elementor-element-e15bf56 elementor-view-default elementor-widget elementor-widget-icon\" data-id=\"e15bf56\" data-element_type=\"widget\" data-widget_type=\"icon.default\">\n\t\t\t\t<div class=\"elementor-widget-container\">\n\t\t\t\t\t<div class=\"elementor-icon-wrapper\">\n\t\t\t<div class=\"elementor-icon\">\n\t\t\t<i aria-hidden=\"true\" class=\"fad fa-sms\"><\/i>\t\t\t<\/div>\n\t\t<\/div>\n\t\t\t\t<\/div>\n\t\t\t\t<\/div>\n\t\t\t\t<div class=\"elementor-element elementor-element-b28a105 elementor-widget elementor-widget-heading\" data-id=\"b28a105\" data-element_type=\"widget\" data-widget_type=\"heading.default\">\n\t\t\t\t<div class=\"elementor-widget-container\">\n\t\t\t<h3 class=\"elementor-heading-title elementor-size-default\">Vikarie<\/h3>\t\t<\/div>\n\t\t\t\t<\/div>\n\t\t\t\t<div class=\"elementor-element elementor-element-1b9ab09 elementor-widget elementor-widget-heading\" data-id=\"1b9ab09\" data-element_type=\"widget\" data-widget_type=\"heading.default\">\n\t\t\t\t<div class=\"elementor-widget-container\">\n\t\t\t<h3 class=\"elementor-heading-title elementor-size-default\">Mina sidor<\/h3>\t\t<\/div>\n\t\t\t\t<\/div>\n\t\t\t\t<div class=\"elementor-element elementor-element-c0d6b6d elementor-widget elementor-widget-html\" data-id=\"c0d6b6d\" data-element_type=\"widget\" data-widget_type=\"html.default\">\n\t\t\t\t<div class=\"elementor-widget-container\">\n\t\t\t<form class=\"telme-login-box\" action=\"\/TelMe\/login_minasidor.eb\" method=\"post\"><input type=\"hidden\" name=\"action\" value=\"login\">\r\n    <div class=\"telme-login\">\r\n    \r\n    <span>Mobilnummer<\/span>\r\n\r\n    <input placeholder=\"Ange ditt mobilnummer\"type=\"text\" name=\"mobilnr\" id=\"mobilnr\" value=\"\" maxlength=\"100\" size=\"10\">\r\n    \r\n    <span>SMS-kod: <font size=\"-1\">(blank s\u00e5 f\u00e5r du en ny)<\/font><\/span>\r\n    \r\n    <input placeholder=\"Ange mottagen SMS-kod\"type=\"password\" name=\"pass_word\" id=\"pass_word\" value=\"\" maxlength=\"100\" size=\"10\">\r\n    \r\n     <div class=\"more-login\">\r\n         \r\n    <button class=\"knapptext elementor-button\" type=\"submit\"><span class=\"elementor-button-icon elementor-align-icon-left\">\r\n\t\t\t\t<i aria-hidden=\"true\" class=\"fad fa-sign-in\"><\/i><\/span>\r\nForts\u00e4tt<\/button>\r\n\r\n    <\/div>\r\n    \r\n    <\/div>\r\n  <\/form>\t\t<\/div>\n\t\t\t\t<\/div>\n\t\t\t\t\t\t<\/div>\n\t\t\t\t\t<\/div>\n\t\t<\/div>\n\t\t\t\t\t\t\t\t<\/div>\n\t\t\t\t\t<\/div>\n\t\t<\/section>\n\t\t\t\t\t\t<\/div>\n\t\t\t\t\t<\/div>\n\t\t<\/div>\n\t\t\t\t\t\t\t\t<\/div>\n\t\t\t\t\t<\/div>\n\t\t<\/section>\n\t\t\t\t\t\t\t\t\t<\/div>\n\t\t\t<\/div>\n\t\t\t\t\t<\/div>\n\t\t","protected":false},"excerpt":{"rendered":"<p>Logga in p\u00e5 TelMe H\u00e4r loggar du in i de olika Telme-applikationerna. OBS! Om du beh\u00f6ver hj\u00e4lp med din inloggning eller hur man anv\u00e4nder Telme, ska du v\u00e4nda dig till kontaktpersonen hos din arbetsgivare. Logistik Logistik Administrat\u00f6r Anv\u00e4ndare L\u00f6senord SvenskaEnglish Logga in Logistik Anst\u00e4llda Mobilnummer SMS-kod: (blank s\u00e5 f\u00e5r du en ny) Forts\u00e4tt Avrapportera arbetsorder [&hellip;]<\/p>\n","protected":false},"author":5,"featured_media":0,"parent":0,"menu_order":100,"comment_status":"closed","ping_status":"closed","template":"elementor_header_footer","meta":{"content-type":""},"yst_prominent_words":[],"acf":[],"_links":{"self":[{"href":"https:\/\/telme.se\/go\/wp-json\/wp\/v2\/pages\/4568"}],"collection":[{"href":"https:\/\/telme.se\/go\/wp-json\/wp\/v2\/pages"}],"about":[{"href":"https:\/\/telme.se\/go\/wp-json\/wp\/v2\/types\/page"}],"author":[{"embeddable":true,"href":"https:\/\/telme.se\/go\/wp-json\/wp\/v2\/users\/5"}],"replies":[{"embeddable":true,"href":"https:\/\/telme.se\/go\/wp-json\/wp\/v2\/comments?post=4568"}],"version-history":[{"count":3,"href":"https:\/\/telme.se\/go\/wp-json\/wp\/v2\/pages\/4568\/revisions"}],"predecessor-version":[{"id":6164,"href":"https:\/\/telme.se\/go\/wp-json\/wp\/v2\/pages\/4568\/revisions\/6164"}],"wp:attachment":[{"href":"https:\/\/telme.se\/go\/wp-json\/wp\/v2\/media?parent=4568"}],"wp:term":[{"taxonomy":"yst_prominent_words","embeddable":true,"href":"https:\/\/telme.se\/go\/wp-json\/wp\/v2\/yst_prominent_words?post=4568"}],"curies":[{"name":"wp","href":"https:\/\/api.w.org\/{rel}","templated":true}]}}