{"id":3,"date":"2019-02-21T10:21:54","date_gmt":"2019-02-21T09:21:54","guid":{"rendered":"http:\/\/elementorv2.bravo.utvecklingswebb.se\/?page_id=3"},"modified":"2021-01-20T10:24:03","modified_gmt":"2021-01-20T09:24:03","slug":"gdpr","status":"publish","type":"page","link":"https:\/\/telme.se\/go\/gdpr\/","title":{"rendered":"GDPR"},"content":{"rendered":"\t\t<div data-elementor-type=\"wp-page\" data-elementor-id=\"3\" class=\"elementor elementor-3\">\n\t\t\t\t\t\t<div class=\"elementor-inner\">\n\t\t\t\t<div class=\"elementor-section-wrap\">\n\t\t\t\t\t\t\t\t\t<header class=\"elementor-section elementor-top-section elementor-element elementor-element-509e85f animated-slow elementor-section-height-min-height elementor-section-items-stretch elementor-section-boxed elementor-section-height-default elementor-invisible\" data-id=\"509e85f\" data-element_type=\"section\" data-settings=\"{&quot;animation&quot;:&quot;fadeIn&quot;,&quot;background_background&quot;:&quot;classic&quot;}\">\n\t\t\t\t\t\t\t<div class=\"elementor-background-overlay\"><\/div>\n\t\t\t\t\t\t\t<div class=\"elementor-container elementor-column-gap-default\">\n\t\t\t\t\t\t\t<div class=\"elementor-row\">\n\t\t\t\t\t<div class=\"elementor-column elementor-col-50 elementor-top-column elementor-element elementor-element-6b983bd\" data-id=\"6b983bd\" data-element_type=\"column\">\n\t\t\t<div class=\"elementor-column-wrap elementor-element-populated\">\n\t\t\t\t\t\t\t<div class=\"elementor-widget-wrap\">\n\t\t\t\t\t\t<div class=\"elementor-element elementor-element-935d0f5 elementor-widget elementor-widget-heading\" data-id=\"935d0f5\" data-element_type=\"widget\" data-widget_type=\"heading.default\">\n\t\t\t\t<div class=\"elementor-widget-container\">\n\t\t\t<style>\/*! elementor - v3.9.2 - 21-12-2022 *\/\n.elementor-heading-title{padding:0;margin:0;line-height:1}.elementor-widget-heading .elementor-heading-title[class*=elementor-size-]>a{color:inherit;font-size:inherit;line-height:inherit}.elementor-widget-heading .elementor-heading-title.elementor-size-small{font-size:15px}.elementor-widget-heading .elementor-heading-title.elementor-size-medium{font-size:19px}.elementor-widget-heading .elementor-heading-title.elementor-size-large{font-size:29px}.elementor-widget-heading .elementor-heading-title.elementor-size-xl{font-size:39px}.elementor-widget-heading .elementor-heading-title.elementor-size-xxl{font-size:59px}<\/style><h2 class=\"elementor-heading-title elementor-size-default\">Dataskyddspolicy<\/h2>\t\t<\/div>\n\t\t\t\t<\/div>\n\t\t\t\t<div class=\"elementor-element elementor-element-e1b5b03 elementor-widget elementor-widget-heading\" data-id=\"e1b5b03\" data-element_type=\"widget\" data-widget_type=\"heading.default\">\n\t\t\t\t<div class=\"elementor-widget-container\">\n\t\t\t<h1 class=\"elementor-heading-title elementor-size-default\">GDPR<\/h1>\t\t<\/div>\n\t\t\t\t<\/div>\n\t\t\t\t\t\t<\/div>\n\t\t\t\t\t<\/div>\n\t\t<\/div>\n\t\t\t\t<div class=\"elementor-column elementor-col-50 elementor-top-column elementor-element elementor-element-614d8b3\" data-id=\"614d8b3\" data-element_type=\"column\">\n\t\t\t<div class=\"elementor-column-wrap\">\n\t\t\t\t\t\t\t<div class=\"elementor-widget-wrap\">\n\t\t\t\t\t\t\t\t<\/div>\n\t\t\t\t\t<\/div>\n\t\t<\/div>\n\t\t\t\t\t\t\t\t<\/div>\n\t\t\t\t\t<\/div>\n\t\t<\/header>\n\t\t\t\t<section class=\"elementor-section elementor-top-section elementor-element elementor-element-859ec5d elementor-section-full_width elementor-section-height-default elementor-section-height-default\" data-id=\"859ec5d\" data-element_type=\"section\" id=\"scrolltome\" data-settings=\"{&quot;background_background&quot;:&quot;classic&quot;}\">\n\t\t\t\t\t\t<div class=\"elementor-container elementor-column-gap-default\">\n\t\t\t\t\t\t\t<div class=\"elementor-row\">\n\t\t\t\t\t<div class=\"elementor-column elementor-col-100 elementor-top-column elementor-element elementor-element-f8a5de2\" data-id=\"f8a5de2\" data-element_type=\"column\">\n\t\t\t<div class=\"elementor-column-wrap elementor-element-populated\">\n\t\t\t\t\t\t\t<div class=\"elementor-widget-wrap\">\n\t\t\t\t\t\t<section class=\"elementor-section elementor-inner-section elementor-element elementor-element-7016921 elementor-section-boxed elementor-section-height-default elementor-section-height-default\" data-id=\"7016921\" data-element_type=\"section\">\n\t\t\t\t\t\t<div class=\"elementor-container elementor-column-gap-wide\">\n\t\t\t\t\t\t\t<div class=\"elementor-row\">\n\t\t\t\t\t<div class=\"elementor-column elementor-col-50 elementor-inner-column elementor-element elementor-element-e48ed8d\" data-id=\"e48ed8d\" data-element_type=\"column\" data-settings=\"{&quot;background_background&quot;:&quot;classic&quot;}\">\n\t\t\t<div class=\"elementor-column-wrap elementor-element-populated\">\n\t\t\t\t\t\t\t<div class=\"elementor-widget-wrap\">\n\t\t\t\t\t\t<div class=\"elementor-element elementor-element-5338d18 elementor-widget elementor-widget-heading\" data-id=\"5338d18\" data-element_type=\"widget\" data-widget_type=\"heading.default\">\n\t\t\t\t<div class=\"elementor-widget-container\">\n\t\t\t<h2 class=\"elementor-heading-title elementor-size-default\">Din data, ditt val.<\/h2>\t\t<\/div>\n\t\t\t\t<\/div>\n\t\t\t\t<div class=\"elementor-element elementor-element-a05befa elementor-widget elementor-widget-image\" data-id=\"a05befa\" data-element_type=\"widget\" data-widget_type=\"image.default\">\n\t\t\t\t<div class=\"elementor-widget-container\">\n\t\t\t<style>\/*! elementor - v3.9.2 - 21-12-2022 *\/\n.elementor-widget-image{text-align:center}.elementor-widget-image a{display:inline-block}.elementor-widget-image a img[src$=\".svg\"]{width:48px}.elementor-widget-image img{vertical-align:middle;display:inline-block}<\/style>\t\t\t\t\t<div class=\"elementor-image\">\n\t\t\t\t\t\t\t\t\t\t\t\t<img decoding=\"async\" width=\"1\" height=\"1\" src=\"https:\/\/telme.se\/go\/wp-content\/uploads\/2020\/11\/telme-ikon-hr-blue.svg\" class=\"attachment-large size-large wp-image-3627\" alt=\"\" \/>\t\t\t\t\t\t\t\t\t\t\t\t\t\t<\/div>\n\t\t\t\t\t\t<\/div>\n\t\t\t\t<\/div>\n\t\t\t\t\t\t<\/div>\n\t\t\t\t\t<\/div>\n\t\t<\/div>\n\t\t\t\t<div class=\"elementor-column elementor-col-50 elementor-inner-column elementor-element elementor-element-3784ef0\" data-id=\"3784ef0\" data-element_type=\"column\">\n\t\t\t<div class=\"elementor-column-wrap elementor-element-populated\">\n\t\t\t\t\t\t\t<div class=\"elementor-widget-wrap\">\n\t\t\t\t\t\t<div class=\"elementor-element elementor-element-8c0c7db elementor-widget elementor-widget-text-editor\" data-id=\"8c0c7db\" data-element_type=\"widget\" data-widget_type=\"text-editor.default\">\n\t\t\t\t<div class=\"elementor-widget-container\">\n\t\t\t<style>\/*! elementor - v3.9.2 - 21-12-2022 *\/\n.elementor-widget-text-editor.elementor-drop-cap-view-stacked .elementor-drop-cap{background-color:#818a91;color:#fff}.elementor-widget-text-editor.elementor-drop-cap-view-framed .elementor-drop-cap{color:#818a91;border:3px solid;background-color:transparent}.elementor-widget-text-editor:not(.elementor-drop-cap-view-default) .elementor-drop-cap{margin-top:8px}.elementor-widget-text-editor:not(.elementor-drop-cap-view-default) .elementor-drop-cap-letter{width:1em;height:1em}.elementor-widget-text-editor .elementor-drop-cap{float:left;text-align:center;line-height:1;font-size:50px}.elementor-widget-text-editor .elementor-drop-cap-letter{display:inline-block}<\/style>\t\t\t\t\t<div class=\"elementor-text-editor elementor-clearfix\">\n\t\t\t\t<h3>\u00a71. Uppgifter vi hanterar och syfte Vi hanterar dessa typer av uppgifter:<\/h3>\n<p>\u2014 \u00a71.1 Kontaktpersons namn, telefonnummer, adress och e-postadress.<\/p>\n<p>\u2014 \u00a71.2 Ordrar\/k\u00f6p.<\/p>\n<p>\u2014 \u00a71.3 Fakturauppgifter och referensperson om till\u00e4mpbart.<\/p>\n<p>&nbsp;<\/p>\n<h3>\u00a72. Kontaktuppgifter<\/h3>\n<p>V\u00e5ra kontaktuppgifter f\u00f6r att beg\u00e4ra ut information, f\u00e5 uppgifter raderade eller andra fr\u00e5gor som kan uppst\u00e5 \u00e4r:<\/p>\n<p>E-post: info@telme.se<\/p>\n<p>Telefon: 0455-30 99 40<\/p>\n<p>&nbsp;<\/p>\n<h3>\u00a73 Kontaktuppgifter dataskyddsombud<\/h3>\n<p>V\u00e5ra kontaktuppgifter till dataskyddsombud f\u00f6r att beg\u00e4ra ut information, f\u00e5 uppgifter raderade eller andra fr\u00e5gor som kan uppst\u00e5 \u00e4r samma som ovanst\u00e5ende, punkt \u00a72.<\/p>\n<p>&nbsp;<\/p>\n<h3>\u00a74. V\u00e5ra skyldigheter<\/h3>\n<p>Vi \u00e4r alltid skyldiga och ansvariga att inom 48h (vardagar) tillhandah\u00e5lla alla sorts uppgifter, anteckningar och information som respektive person och\/eller f\u00f6retag beg\u00e4r. Likas\u00e5 g\u00e4ller borttagning av detsamma. Vi l\u00e4mnar sj\u00e4lvklart aldrig ut uppgifter till tredje part eller till n\u00e5gon som ej verifierats vara tillika person f\u00f6r uppgifterna eller leverant\u00f6r som beh\u00f6ver behandla exempelvis adress eller liknande. Vi har ocks\u00e5 skyldighet att r\u00e4tta och uppdatera uppgifter om \u00f6nskem\u00e5l om detta sker. \u00c4ven detta ska ske snarast, men senast inom 72h (vardagar). Om ni inte tycker vi fullf\u00f6ljer v\u00e5ra skyldigheter uppmanas ni till att kontakta tillsynsmyndighet om vi inte \u00e4r \u00f6verens. Ni har all r\u00e4tt att f\u00e5 reda p\u00e5 hur vi har f\u00e5tt tag p\u00e5 uppgifterna om ni \u00e4r os\u00e4kra, detta skall vi redovisa med tydlighet.<\/p>\n<p>&nbsp;<\/p>\n<h3>\u00a75. Att dra tillbaka samtycket<\/h3>\n<p>Ni som kund eller samarbetspartner har alltid r\u00e4tt att n\u00e4r som helst dra tillbaka ert samtycke f\u00f6r detta avtal. Om ni \u00f6nskar g\u00f6ra detta skriver ni ett e-postmeddelande till oss d\u00e4r ni beskriver att ni \u00f6nskar dra tillbaka ert samtycke. Detta sker med omedelbar verkan och v\u00e5ra skyldigheter enligt \u00a74 aktiveras per automatik.<\/p>\n<p>&nbsp;<\/p>\n<h3>\u00a76. R\u00e4tten att bli gl\u00f6md<\/h3>\n<p>Ni som kund eller samarbetspartner har alltid r\u00e4tt att n\u00e4r som helst bli gl\u00f6md. Om detta \u00f6nskas skriver man ett e-postmeddelande till oss och ber\u00e4ttar att man \u00f6nskar bli gl\u00f6md. Detta sker med omedelbar verkan och v\u00e5ra skyldigheter enligt \u00a74 aktiveras per automatik.<\/p>\n<p>&nbsp;<\/p>\n<h3>\u00a77. Tidsfrist<\/h3>\n<p>Genom att anv\u00e4nda v\u00e5r webbplats samtycker du till v\u00e5r policy. Detta samtyckesavtal g\u00e4ller fram tills dess att man aktivt avslutar samtycket, eller om \u00a75 och \u00a76 aktiveras.<\/p>\n<p>&nbsp;<\/p>\n<h3>\u00a78. Anv\u00e4ndarr\u00e4tt<\/h3>\n<p>I denna paragraf beskriver vi vilka som har r\u00e4tt att anv\u00e4nda sig utav uppgifterna som anges i \u00a71. De som \u00e4r anst\u00e4llda hos oss har r\u00e4tt att anv\u00e4nda de uppgifter som kr\u00e4vs f\u00f6r att utf\u00f6ra arbetsuppgifterna. De anst\u00e4llda har f\u00e5tt intern utbildning som beskrivs i \u00a79.<\/p>\n<p>&nbsp;<\/p>\n<h3>\u00a79. Anv\u00e4ndars\u00e4kerhet<\/h3>\n<p>Personalen som hanterar personuppgifter utbildas internt och l\u00f6pande i hantering av uppgifter. Detta f\u00f6r att den m\u00e4nskliga faktorn skall vara absolut minimal. De tr\u00e4nas p\u00e5 att hantera uppgifter p\u00e5 ett varsamt s\u00e4tt \u00f6ver tid och har kunskap i att kunna gl\u00f6mma kunders uppgifter i v\u00e5ra system.<\/p>\n<p>&nbsp;<\/p>\n<h3>\u00a710. Teknisk s\u00e4kerhet<\/h3>\n<p>Alla uppgifter som inneh\u00e5ller k\u00e4nsliga uppgifter lagras digitalt med krypterad s\u00e4kerhet.<\/p>\n<p>&nbsp;<\/p>\n<h3>\u00a711. Formul\u00e4rdata<\/h3>\n<p>Formul\u00e4r som skickas in via webbplatsen lagras digital och skickas via krypterad anslutning. Dessa uppgifter lagrar vi f\u00f6r att kunna h\u00e5lla v\u00e5r service p\u00e5 h\u00f6gsta niv\u00e5.<\/p>\n<p>&nbsp;<\/p>\n<h3>\u00a712. Kundregister och ordrar<\/h3>\n<p>F\u00f6r att kunna erh\u00e5lla h\u00f6gsta m\u00f6jliga service och hantera orderfr\u00e5gor, reklamationer eller liknande beh\u00e5ller vi uppgifter som detta tills dess att punkt \u00a75 aktiveras.<\/p>\n<p>&nbsp;<\/p>\n<h3>\u00a713. Cookies<\/h3>\n<p>En kaka (cookie) \u00e4r en liten textfil som webbplatsen du bes\u00f6ker beg\u00e4r att spara p\u00e5 din dator. Kakor anv\u00e4nds p\u00e5 m\u00e5nga webbplatser f\u00f6r att ge en bes\u00f6kare tillg\u00e5ng till olika funktioner. Informationen i kakan \u00e4r m\u00f6jlig att anv\u00e4nda f\u00f6r att f\u00f6lja en anv\u00e4ndares surfande.<\/p>\n<p>Det finns tv\u00e5 typer av kakor. Den ena typen sparar en fil under en l\u00e4ngre tid p\u00e5 din dator. Den anv\u00e4nds till exempel vid funktioner som talar om vad som \u00e4r nytt sedan anv\u00e4ndaren senast bes\u00f6kte den aktuella webbplatsen. Den andra typen av kakor kallas sessionskakor. Under tiden du \u00e4r inne och surfar p\u00e5 en sida, lagras den h\u00e4r kakan tempor\u00e4rt i din dators minne exempelvis f\u00f6r att h\u00e5lla reda p\u00e5 vilket spr\u00e5k du har valt. Sessionskakor lagras inte under en l\u00e4ngre tid p\u00e5 din dator, utan f\u00f6rsvinner n\u00e4r du st\u00e4nger din webbl\u00e4sare.<\/p>\n<p>&nbsp;<\/p>\n<h3>\u00a714. Underh\u00e5ll<\/h3>\n<p>Vi uppdaterar och ser \u00f6ver v\u00e5r policy frekvent, en g\u00e5ng i kvartalet, eller mer om det beh\u00f6vs, s\u00e5 att den alltid \u00e4r aktuell och p\u00e5litlig.<\/p>\n\t\t\t\t\t<\/div>\n\t\t\t\t\t\t<\/div>\n\t\t\t\t<\/div>\n\t\t\t\t\t\t<\/div>\n\t\t\t\t\t<\/div>\n\t\t<\/div>\n\t\t\t\t\t\t\t\t<\/div>\n\t\t\t\t\t<\/div>\n\t\t<\/section>\n\t\t\t\t\t\t<\/div>\n\t\t\t\t\t<\/div>\n\t\t<\/div>\n\t\t\t\t\t\t\t\t<\/div>\n\t\t\t\t\t<\/div>\n\t\t<\/section>\n\t\t\t\t\t\t\t\t\t<\/div>\n\t\t\t<\/div>\n\t\t\t\t\t<\/div>\n\t\t","protected":false},"excerpt":{"rendered":"<p>Dataskyddspolicy GDPR Din data, ditt val.<\/p>\n","protected":false},"author":3,"featured_media":0,"parent":0,"menu_order":1000,"comment_status":"closed","ping_status":"closed","template":"elementor_header_footer","meta":{"content-type":""},"yst_prominent_words":[],"acf":[],"_links":{"self":[{"href":"https:\/\/telme.se\/go\/wp-json\/wp\/v2\/pages\/3"}],"collection":[{"href":"https:\/\/telme.se\/go\/wp-json\/wp\/v2\/pages"}],"about":[{"href":"https:\/\/telme.se\/go\/wp-json\/wp\/v2\/types\/page"}],"author":[{"embeddable":true,"href":"https:\/\/telme.se\/go\/wp-json\/wp\/v2\/users\/3"}],"replies":[{"embeddable":true,"href":"https:\/\/telme.se\/go\/wp-json\/wp\/v2\/comments?post=3"}],"version-history":[{"count":0,"href":"https:\/\/telme.se\/go\/wp-json\/wp\/v2\/pages\/3\/revisions"}],"wp:attachment":[{"href":"https:\/\/telme.se\/go\/wp-json\/wp\/v2\/media?parent=3"}],"wp:term":[{"taxonomy":"yst_prominent_words","embeddable":true,"href":"https:\/\/telme.se\/go\/wp-json\/wp\/v2\/yst_prominent_words?post=3"}],"curies":[{"name":"wp","href":"https:\/\/api.w.org\/{rel}","templated":true}]}}